{"id":95,"date":"2023-07-11T17:52:48","date_gmt":"2023-07-11T15:52:48","guid":{"rendered":"http:\/\/amsmaxiservices.fr\/?page_id=95"},"modified":"2023-07-25T17:41:13","modified_gmt":"2023-07-25T15:41:13","slug":"cordonnerie","status":"publish","type":"page","link":"https:\/\/amsmaxiservices.fr\/index.php\/cordonnerie\/","title":{"rendered":"Cordonnerie"},"content":{"rendered":"\t\t<div data-elementor-type=\"wp-page\" data-elementor-id=\"95\" class=\"elementor elementor-95\">\n\t\t\t\t\t\t\t\t\t<section class=\"elementor-section elementor-top-section elementor-element elementor-element-a1ea927 elementor-section-content-middle elementor-section-boxed elementor-section-height-default elementor-section-height-default\" data-id=\"a1ea927\" data-element_type=\"section\">\n\t\t\t\t\t\t<div class=\"elementor-container elementor-column-gap-default\">\n\t\t\t\t\t<div class=\"elementor-column elementor-col-33 elementor-top-column elementor-element elementor-element-8975e1c\" data-id=\"8975e1c\" data-element_type=\"column\">\n\t\t\t<div class=\"elementor-widget-wrap elementor-element-populated\">\n\t\t\t\t\t\t\t\t<div class=\"elementor-element elementor-element-63e3a2f elementor-widget elementor-widget-image\" data-id=\"63e3a2f\" data-element_type=\"widget\" data-widget_type=\"image.default\">\n\t\t\t\t<div class=\"elementor-widget-container\">\n\t\t\t<style>\/*! elementor - v3.14.0 - 26-06-2023 *\/\n.elementor-widget-image{text-align:center}.elementor-widget-image a{display:inline-block}.elementor-widget-image a img[src$=\".svg\"]{width:48px}.elementor-widget-image img{vertical-align:middle;display:inline-block}<\/style>\t\t\t\t\t\t\t\t\t\t\t\t<img loading=\"lazy\" decoding=\"async\" width=\"150\" height=\"150\" src=\"https:\/\/amsmaxiservices.fr\/wp-content\/uploads\/2023\/07\/smart-shoe_3345800-1-150x150.png\" class=\"attachment-thumbnail size-thumbnail wp-image-159\" alt=\"\" srcset=\"https:\/\/amsmaxiservices.fr\/wp-content\/uploads\/2023\/07\/smart-shoe_3345800-1-150x150.png 150w, https:\/\/amsmaxiservices.fr\/wp-content\/uploads\/2023\/07\/smart-shoe_3345800-1-300x300.png 300w, https:\/\/amsmaxiservices.fr\/wp-content\/uploads\/2023\/07\/smart-shoe_3345800-1.png 512w\" sizes=\"auto, (max-width: 150px) 100vw, 150px\" \/>\t\t\t\t\t\t\t\t\t\t\t\t\t\t\t<\/div>\n\t\t\t\t<\/div>\n\t\t\t\t\t<\/div>\n\t\t<\/div>\n\t\t\t\t<div class=\"elementor-column elementor-col-66 elementor-top-column elementor-element elementor-element-d3bd204\" data-id=\"d3bd204\" data-element_type=\"column\">\n\t\t\t<div class=\"elementor-widget-wrap elementor-element-populated\">\n\t\t\t\t\t\t\t\t<div class=\"elementor-element elementor-element-15c68f7 elementor-widget elementor-widget-text-editor\" data-id=\"15c68f7\" data-element_type=\"widget\" data-widget_type=\"text-editor.default\">\n\t\t\t\t<div class=\"elementor-widget-container\">\n\t\t\t<style>\/*! elementor - v3.14.0 - 26-06-2023 *\/\n.elementor-widget-text-editor.elementor-drop-cap-view-stacked .elementor-drop-cap{background-color:#69727d;color:#fff}.elementor-widget-text-editor.elementor-drop-cap-view-framed .elementor-drop-cap{color:#69727d;border:3px solid;background-color:transparent}.elementor-widget-text-editor:not(.elementor-drop-cap-view-default) .elementor-drop-cap{margin-top:8px}.elementor-widget-text-editor:not(.elementor-drop-cap-view-default) .elementor-drop-cap-letter{width:1em;height:1em}.elementor-widget-text-editor .elementor-drop-cap{float:left;text-align:center;line-height:1;font-size:50px}.elementor-widget-text-editor .elementor-drop-cap-letter{display:inline-block}<\/style>\t\t\t\t<p>Vous avez des chaussures us\u00e9es, un sac \u00e0 recoudre, une veste \u00e0 r\u00e9parer? Nous pouvons vous aider \u00e0 prolonger la vie de vos articles en cuir.<\/p><p>Avec une grande exp\u00e9rience dans le domaine de la cordonnerie, nous sommes en capacit\u00e9 de r\u00e9parer ou renforcer vos chaussures, de restaurer un sac us\u00e9 ou abim\u00e9 par le temps, de changer la fermeture \u00e9clair de votre veste de moto&#8230;<\/p><p>Alors n&rsquo;h\u00e9sitez pas \u00e0 venir avec votre article \u00e0 r\u00e9parer ou restaurer, nous pourrons vous donner un tarif et un d\u00e9lais d&rsquo;ex\u00e9cution.<\/p>\t\t\t\t\t\t<\/div>\n\t\t\t\t<\/div>\n\t\t\t\t\t<\/div>\n\t\t<\/div>\n\t\t\t\t\t\t\t<\/div>\n\t\t<\/section>\n\t\t\t\t<section class=\"elementor-section elementor-top-section elementor-element elementor-element-8de1e12 elementor-section-full_width elementor-section-height-default elementor-section-height-default\" data-id=\"8de1e12\" data-element_type=\"section\" data-settings=\"{&quot;background_background&quot;:&quot;classic&quot;}\">\n\t\t\t\t\t\t<div class=\"elementor-container elementor-column-gap-default\">\n\t\t\t\t\t<div class=\"elementor-column elementor-col-100 elementor-top-column elementor-element elementor-element-b887c4d\" data-id=\"b887c4d\" data-element_type=\"column\">\n\t\t\t<div class=\"elementor-widget-wrap\">\n\t\t\t\t\t\t\t\t\t<\/div>\n\t\t<\/div>\n\t\t\t\t\t\t\t<\/div>\n\t\t<\/section>\n\t\t\t\t\t\t\t<\/div>\n\t\t","protected":false},"excerpt":{"rendered":"<p>Vous avez des chaussures us\u00e9es, un sac \u00e0 recoudre, une veste \u00e0 r\u00e9parer? Nous pouvons vous aider \u00e0 prolonger la vie de vos articles en cuir. Avec une grande exp\u00e9rience dans le domaine de la cordonnerie, nous sommes en capacit\u00e9 de r\u00e9parer ou renforcer vos chaussures, de restaurer un sac us\u00e9 ou abim\u00e9 par le [&hellip;]<\/p>\n","protected":false},"author":1,"featured_media":0,"parent":0,"menu_order":0,"comment_status":"closed","ping_status":"closed","template":"","meta":{"footnotes":""},"class_list":["post-95","page","type-page","status-publish","hentry"],"_links":{"self":[{"href":"https:\/\/amsmaxiservices.fr\/index.php\/wp-json\/wp\/v2\/pages\/95","targetHints":{"allow":["GET"]}}],"collection":[{"href":"https:\/\/amsmaxiservices.fr\/index.php\/wp-json\/wp\/v2\/pages"}],"about":[{"href":"https:\/\/amsmaxiservices.fr\/index.php\/wp-json\/wp\/v2\/types\/page"}],"author":[{"embeddable":true,"href":"https:\/\/amsmaxiservices.fr\/index.php\/wp-json\/wp\/v2\/users\/1"}],"replies":[{"embeddable":true,"href":"https:\/\/amsmaxiservices.fr\/index.php\/wp-json\/wp\/v2\/comments?post=95"}],"version-history":[{"count":4,"href":"https:\/\/amsmaxiservices.fr\/index.php\/wp-json\/wp\/v2\/pages\/95\/revisions"}],"predecessor-version":[{"id":357,"href":"https:\/\/amsmaxiservices.fr\/index.php\/wp-json\/wp\/v2\/pages\/95\/revisions\/357"}],"wp:attachment":[{"href":"https:\/\/amsmaxiservices.fr\/index.php\/wp-json\/wp\/v2\/media?parent=95"}],"curies":[{"name":"wp","href":"https:\/\/api.w.org\/{rel}","templated":true}]}}