{"id":85,"date":"2023-07-11T17:51:52","date_gmt":"2023-07-11T15:51:52","guid":{"rendered":"http:\/\/amsmaxiservices.fr\/?page_id=85"},"modified":"2023-07-25T16:37:29","modified_gmt":"2023-07-25T14:37:29","slug":"serrurerie","status":"publish","type":"page","link":"https:\/\/amsmaxiservices.fr\/index.php\/serrurerie\/","title":{"rendered":"Serrurerie"},"content":{"rendered":"\t\t<div data-elementor-type=\"wp-page\" data-elementor-id=\"85\" class=\"elementor elementor-85\">\n\t\t\t\t\t\t\t\t\t<section class=\"elementor-section elementor-top-section elementor-element elementor-element-c1e786b elementor-section-content-middle elementor-section-boxed elementor-section-height-default elementor-section-height-default\" data-id=\"c1e786b\" data-element_type=\"section\">\n\t\t\t\t\t\t<div class=\"elementor-container elementor-column-gap-default\">\n\t\t\t\t\t<div class=\"elementor-column elementor-col-33 elementor-top-column elementor-element elementor-element-c719bfe\" data-id=\"c719bfe\" data-element_type=\"column\">\n\t\t\t<div class=\"elementor-widget-wrap elementor-element-populated\">\n\t\t\t\t\t\t\t\t<div class=\"elementor-element elementor-element-81e2396 e-transform elementor-invisible elementor-widget elementor-widget-image\" data-id=\"81e2396\" data-element_type=\"widget\" data-settings=\"{&quot;_animation&quot;:&quot;slideInLeft&quot;,&quot;_transform_scale_effect&quot;:{&quot;unit&quot;:&quot;px&quot;,&quot;size&quot;:&quot;&quot;,&quot;sizes&quot;:[]},&quot;_transform_scale_effect_tablet&quot;:{&quot;unit&quot;:&quot;px&quot;,&quot;size&quot;:&quot;&quot;,&quot;sizes&quot;:[]},&quot;_transform_scale_effect_mobile&quot;:{&quot;unit&quot;:&quot;px&quot;,&quot;size&quot;:&quot;&quot;,&quot;sizes&quot;:[]}}\" data-widget_type=\"image.default\">\n\t\t\t\t<div class=\"elementor-widget-container\">\n\t\t\t<style>\/*! elementor - v3.14.0 - 26-06-2023 *\/\n.elementor-widget-image{text-align:center}.elementor-widget-image a{display:inline-block}.elementor-widget-image a img[src$=\".svg\"]{width:48px}.elementor-widget-image img{vertical-align:middle;display:inline-block}<\/style>\t\t\t\t\t\t\t\t\t\t\t\t<img loading=\"lazy\" decoding=\"async\" width=\"150\" height=\"150\" src=\"https:\/\/amsmaxiservices.fr\/wp-content\/uploads\/2023\/07\/key_5644994-1-150x150.png\" class=\"attachment-thumbnail size-thumbnail wp-image-156\" alt=\"\" srcset=\"https:\/\/amsmaxiservices.fr\/wp-content\/uploads\/2023\/07\/key_5644994-1-150x150.png 150w, https:\/\/amsmaxiservices.fr\/wp-content\/uploads\/2023\/07\/key_5644994-1-300x300.png 300w, https:\/\/amsmaxiservices.fr\/wp-content\/uploads\/2023\/07\/elementor\/thumbs\/key_5644994-1-q9arsr4q1h0c96wz3fk72rhz9gnnzkwasvo2izzmso.png 4w, https:\/\/amsmaxiservices.fr\/wp-content\/uploads\/2023\/07\/elementor\/thumbs\/key_5644994-1-q9arsr4q6aocj67ooigfb4rsryx58o911rz1ejxxee.png 15w, https:\/\/amsmaxiservices.fr\/wp-content\/uploads\/2023\/07\/elementor\/thumbs\/key_5644994-1-q9arsr4qcvht9vfqucl3mjljxkjw1fqdxjntbriiek.png 30w, https:\/\/amsmaxiservices.fr\/wp-content\/uploads\/2023\/07\/elementor\/thumbs\/key_5644994-1-q9arsr4qh9dgfo94a8o7u5he1az1wm1yiq4bxwk8eo.png 40w, https:\/\/amsmaxiservices.fr\/wp-content\/uploads\/2023\/07\/key_5644994-1.png 512w\" sizes=\"auto, (max-width: 150px) 100vw, 150px\" \/>\t\t\t\t\t\t\t\t\t\t\t\t\t\t\t<\/div>\n\t\t\t\t<\/div>\n\t\t\t\t\t<\/div>\n\t\t<\/div>\n\t\t\t\t<div class=\"elementor-column elementor-col-66 elementor-top-column elementor-element elementor-element-574e1f8\" data-id=\"574e1f8\" data-element_type=\"column\">\n\t\t\t<div class=\"elementor-widget-wrap elementor-element-populated\">\n\t\t\t\t\t\t\t\t<div class=\"elementor-element elementor-element-003f69f elementor-widget elementor-widget-text-editor\" data-id=\"003f69f\" data-element_type=\"widget\" data-widget_type=\"text-editor.default\">\n\t\t\t\t<div class=\"elementor-widget-container\">\n\t\t\t<style>\/*! elementor - v3.14.0 - 26-06-2023 *\/\n.elementor-widget-text-editor.elementor-drop-cap-view-stacked .elementor-drop-cap{background-color:#69727d;color:#fff}.elementor-widget-text-editor.elementor-drop-cap-view-framed .elementor-drop-cap{color:#69727d;border:3px solid;background-color:transparent}.elementor-widget-text-editor:not(.elementor-drop-cap-view-default) .elementor-drop-cap{margin-top:8px}.elementor-widget-text-editor:not(.elementor-drop-cap-view-default) .elementor-drop-cap-letter{width:1em;height:1em}.elementor-widget-text-editor .elementor-drop-cap{float:left;text-align:center;line-height:1;font-size:50px}.elementor-widget-text-editor .elementor-drop-cap-letter{display:inline-block}<\/style>\t\t\t\t<p>Nous pouvons dupliquer tous les types de cl\u00e9s : de maison, de voiture, de moto, de bateau&#8230; La plupart des cl\u00e9s sont r\u00e9alis\u00e9es en 5 minutes sur place! Certaines seront peut-\u00eatre sur commande, mais il ne faudra patienter que quelques jours pour que nous les recevions.<\/p><p>N&rsquo;h\u00e9sitez pas \u00e0 vous d\u00e9placer pour nous demander un devis et un d\u00e9lais, car au t\u00e9l\u00e9phone nous ne pouvons vous donner des indications pr\u00e9cises sans voir la cl\u00e9.<\/p>\t\t\t\t\t\t<\/div>\n\t\t\t\t<\/div>\n\t\t\t\t\t<\/div>\n\t\t<\/div>\n\t\t\t\t\t\t\t<\/div>\n\t\t<\/section>\n\t\t\t\t<section class=\"elementor-section elementor-top-section elementor-element elementor-element-e460373 elementor-section-full_width elementor-section-height-default elementor-section-height-default\" data-id=\"e460373\" data-element_type=\"section\">\n\t\t\t\t\t\t<div class=\"elementor-container elementor-column-gap-default\">\n\t\t\t\t\t<div class=\"elementor-column elementor-col-100 elementor-top-column elementor-element elementor-element-14d13c3\" data-id=\"14d13c3\" data-element_type=\"column\">\n\t\t\t<div class=\"elementor-widget-wrap elementor-element-populated\">\n\t\t\t\t\t\t\t\t<div class=\"elementor-element elementor-element-10b4846 elementor-widget elementor-widget-image\" data-id=\"10b4846\" data-element_type=\"widget\" data-widget_type=\"image.default\">\n\t\t\t\t<div class=\"elementor-widget-container\">\n\t\t\t\t\t\t\t\t\t\t\t\t\t\t\t<img loading=\"lazy\" decoding=\"async\" width=\"355\" height=\"83\" src=\"https:\/\/amsmaxiservices.fr\/wp-content\/uploads\/2023\/07\/cles-ams-silca.jpg\" class=\"attachment-full size-full wp-image-295\" alt=\"\" srcset=\"https:\/\/amsmaxiservices.fr\/wp-content\/uploads\/2023\/07\/cles-ams-silca.jpg 355w, https:\/\/amsmaxiservices.fr\/wp-content\/uploads\/2023\/07\/cles-ams-silca-300x70.jpg 300w, https:\/\/amsmaxiservices.fr\/wp-content\/uploads\/2023\/07\/cles-ams-silca-350x83.jpg 350w\" sizes=\"auto, (max-width: 355px) 100vw, 355px\" \/>\t\t\t\t\t\t\t\t\t\t\t\t\t\t\t<\/div>\n\t\t\t\t<\/div>\n\t\t\t\t\t<\/div>\n\t\t<\/div>\n\t\t\t\t\t\t\t<\/div>\n\t\t<\/section>\n\t\t\t\t<section class=\"elementor-section elementor-top-section elementor-element elementor-element-7e7c64a elementor-section-content-middle elementor-section-boxed elementor-section-height-default elementor-section-height-default\" data-id=\"7e7c64a\" data-element_type=\"section\">\n\t\t\t\t\t\t<div class=\"elementor-container elementor-column-gap-default\">\n\t\t\t\t\t<div class=\"elementor-column elementor-col-66 elementor-top-column elementor-element elementor-element-2eedeba\" data-id=\"2eedeba\" data-element_type=\"column\">\n\t\t\t<div class=\"elementor-widget-wrap elementor-element-populated\">\n\t\t\t\t\t\t\t\t<div class=\"elementor-element elementor-element-ee400db elementor-widget elementor-widget-text-editor\" data-id=\"ee400db\" data-element_type=\"widget\" data-widget_type=\"text-editor.default\">\n\t\t\t\t<div class=\"elementor-widget-container\">\n\t\t\t\t\t\t\t<p>Nous travaillons avec les deux plus gros fabricants de cl\u00e9s : Silca &amp; JMA. Nous pouvons ainsi r\u00e9pondre \u00e0 toutes vos demandes.<\/p><p>Nous proposons \u00e9galement un service de duplication de Badges d&rsquo;acc\u00e8s d&rsquo;immeuble.\u00a0<\/p>\t\t\t\t\t\t<\/div>\n\t\t\t\t<\/div>\n\t\t\t\t\t<\/div>\n\t\t<\/div>\n\t\t\t\t<div class=\"elementor-column elementor-col-33 elementor-top-column elementor-element elementor-element-0146c41\" data-id=\"0146c41\" data-element_type=\"column\">\n\t\t\t<div class=\"elementor-widget-wrap elementor-element-populated\">\n\t\t\t\t\t\t\t\t<div class=\"elementor-element elementor-element-1d6a5ad elementor-widget elementor-widget-image\" data-id=\"1d6a5ad\" data-element_type=\"widget\" data-widget_type=\"image.default\">\n\t\t\t\t<div class=\"elementor-widget-container\">\n\t\t\t\t\t\t\t\t\t\t\t\t\t\t\t<img loading=\"lazy\" decoding=\"async\" width=\"491\" height=\"303\" src=\"https:\/\/amsmaxiservices.fr\/wp-content\/uploads\/2023\/07\/tim-silca-logo.png\" class=\"attachment-large size-large wp-image-298\" alt=\"\" srcset=\"https:\/\/amsmaxiservices.fr\/wp-content\/uploads\/2023\/07\/tim-silca-logo.png 491w, https:\/\/amsmaxiservices.fr\/wp-content\/uploads\/2023\/07\/tim-silca-logo-300x185.png 300w\" sizes=\"auto, (max-width: 491px) 100vw, 491px\" \/>\t\t\t\t\t\t\t\t\t\t\t\t\t\t\t<\/div>\n\t\t\t\t<\/div>\n\t\t\t\t<div class=\"elementor-element elementor-element-d9a786a elementor-widget elementor-widget-image\" data-id=\"d9a786a\" data-element_type=\"widget\" data-widget_type=\"image.default\">\n\t\t\t\t<div class=\"elementor-widget-container\">\n\t\t\t\t\t\t\t\t\t\t\t\t\t\t\t<img loading=\"lazy\" decoding=\"async\" width=\"377\" height=\"128\" src=\"https:\/\/amsmaxiservices.fr\/wp-content\/uploads\/2023\/07\/jma-logo.png\" class=\"attachment-large size-large wp-image-297\" alt=\"\" srcset=\"https:\/\/amsmaxiservices.fr\/wp-content\/uploads\/2023\/07\/jma-logo.png 377w, https:\/\/amsmaxiservices.fr\/wp-content\/uploads\/2023\/07\/jma-logo-300x102.png 300w\" sizes=\"auto, (max-width: 377px) 100vw, 377px\" \/>\t\t\t\t\t\t\t\t\t\t\t\t\t\t\t<\/div>\n\t\t\t\t<\/div>\n\t\t\t\t\t<\/div>\n\t\t<\/div>\n\t\t\t\t\t\t\t<\/div>\n\t\t<\/section>\n\t\t\t\t\t\t\t<\/div>\n\t\t","protected":false},"excerpt":{"rendered":"<p>Nous pouvons dupliquer tous les types de cl\u00e9s : de maison, de voiture, de moto, de bateau&#8230; La plupart des cl\u00e9s sont r\u00e9alis\u00e9es en 5 minutes sur place! Certaines seront peut-\u00eatre sur commande, mais il ne faudra patienter que quelques jours pour que nous les recevions. N&rsquo;h\u00e9sitez pas \u00e0 vous d\u00e9placer pour nous demander un [&hellip;]<\/p>\n","protected":false},"author":1,"featured_media":0,"parent":0,"menu_order":0,"comment_status":"closed","ping_status":"closed","template":"","meta":{"footnotes":""},"class_list":["post-85","page","type-page","status-publish","hentry"],"_links":{"self":[{"href":"https:\/\/amsmaxiservices.fr\/index.php\/wp-json\/wp\/v2\/pages\/85","targetHints":{"allow":["GET"]}}],"collection":[{"href":"https:\/\/amsmaxiservices.fr\/index.php\/wp-json\/wp\/v2\/pages"}],"about":[{"href":"https:\/\/amsmaxiservices.fr\/index.php\/wp-json\/wp\/v2\/types\/page"}],"author":[{"embeddable":true,"href":"https:\/\/amsmaxiservices.fr\/index.php\/wp-json\/wp\/v2\/users\/1"}],"replies":[{"embeddable":true,"href":"https:\/\/amsmaxiservices.fr\/index.php\/wp-json\/wp\/v2\/comments?post=85"}],"version-history":[{"count":13,"href":"https:\/\/amsmaxiservices.fr\/index.php\/wp-json\/wp\/v2\/pages\/85\/revisions"}],"predecessor-version":[{"id":307,"href":"https:\/\/amsmaxiservices.fr\/index.php\/wp-json\/wp\/v2\/pages\/85\/revisions\/307"}],"wp:attachment":[{"href":"https:\/\/amsmaxiservices.fr\/index.php\/wp-json\/wp\/v2\/media?parent=85"}],"curies":[{"name":"wp","href":"https:\/\/api.w.org\/{rel}","templated":true}]}}